{"id":13249,"date":"2024-12-21T15:41:55","date_gmt":"2024-12-21T15:41:55","guid":{"rendered":"https:\/\/bodywash.be\/?page_id=13249"},"modified":"2026-03-29T11:39:30","modified_gmt":"2026-03-29T11:39:30","slug":"carwash-prijzen","status":"publish","type":"page","link":"https:\/\/bodywash.be\/fr\/carwash-prijzen\/","title":{"rendered":"Prix"},"content":{"rendered":"<div class=\"wpb-content-wrapper\"><section class=\"vc_section\"><div class=\"vc_row wpb_row vc_row-fluid\"><div class=\"wpb_column vc_column_container vc_col-sm-12\"><div class=\"vc_column-inner vc_custom_1734965969182\"><div class=\"wpb_wrapper\">\n\t<div class=\"wpb_text_column wpb_content_element\" >\n\t\t<div class=\"wpb_wrapper\">\n\t\t\t<h3 style=\"text-align: center;\">Qualit\u00e9, durabilit\u00e9 et lavage professionnel,<\/h3>\n<div class=\"et_pb_module et_pb_text et_pb_text_0 et_pb_text_align_left et_pb_bg_layout_light\">\n<div class=\"et_pb_text_inner\">\n<h5 style=\"text-align: center; color: #9bdbf1;\">\u00e7a, c'est Bodywash !<\/h5>\n<p style=\"text-align: center; max-width: 1000px; margin: 0 auto;\">Tous nos programmes de lavage garantissent une voiture propre, mais il existe des diff\u00e9rences entre eux. En fonction de vos besoins, vous pouvez choisir Best, Popular ou Basic. Chaque programme commence par un pr\u00e9lavage manuel correspondant \u00e0 la formule choisie. Si vous avez des questions, notre personnel est pr\u00eat \u00e0 vous donner des conseils et des astuces pour vous aider \u00e0 faire le meilleur choix.<\/p>\n<\/div>\n<\/div>\n<div class=\"et_pb_module et_pb_text et_pb_text_1 et_pb_text_align_left et_pb_bg_layout_light\">\n<div class=\"et_pb_text_inner\"><\/div>\n<\/div>\n\n\t\t<\/div>\n\t<\/div>\n<\/div><\/div><\/div><\/div><\/section><section class=\"vc_section\"><div class=\"vc_row wpb_row vc_row-fluid\"><div class=\"wpb_column vc_column_container vc_col-sm-12\"><div class=\"vc_column-inner\"><div class=\"wpb_wrapper\">\n\t<div class=\"wpb_raw_code wpb_raw_html wpb_content_element vc_custom_1774784224764\" >\n\t\t<div class=\"wpb_wrapper\">\n\t\t\t<style>\r\n    #wasprogramma {\r\n        z-index: 1;\r\n        background-size: cover;\r\n    }\r\n   .containerCustom {\r\n       background: linear-gradient(135deg, #9bdbf1, #6fb4d1, #4a8bad);;\r\n       color: white;\r\n       text-align: center;\r\n       padding: 30px 20px;\r\n       max-width: 1000px;\r\n       margin: 0 auto;\r\n       border-radius: 20px;\r\n       z-index: 10;\r\n       position: relative;\r\n   }\r\n   .containerCustom .flexy {\r\n        display: flex; \r\n        justify-content: center; \r\n        gap:40px;\r\n   }\r\n   @media only screen and (max-width: 980px) {\r\n        .containerCustom .flexy {\r\n            flex-direction: column; \r\n            gap:unset;\r\n        }\r\n    }   \r\n   .customBtnEdit {\r\n       padding: 20px 25px;\r\n       display: flex;\r\n       justify-content: center;\r\n       margin-top: 30px !important;\r\n       margin-bottom: 30px !important;\r\n   }\r\n   .opening-hours {\r\n       text-align: left;\r\n       margin: 0 auto;\r\n   }\r\n   .icon-hours a span{\r\n       color: white;\r\n       font-size: 20px;\r\n   }\r\n<\/style>\r\n\r\n<div class=\"containerCustom\">\r\n       <h4 style=\"color: white;\">N'h\u00e9sitez pas \u00e0 passer nous voir !<\/h4>\r\n       <h6 style=\"color: white;\">Nous sommes ouverts aux horaires suivants<\/h6>\r\n\r\n       <div class=\"flexy\"> \r\n           <div style=\"display: flex;flex-direction: column;\"> \r\n               <div class=\"opening-hours\">\r\n                   <div>Lun-Sam : 9.00 - 18.00<\/div>\r\n                   <div>Dimanche et jours f\u00e9ri\u00e9s : Ferm\u00e9<\/div>            \r\n                   \r\n               <\/div>\r\n               <div> \r\n                   <a target=\"_blank\" href=\"\/fr\/contact\/\" class=\"btn btn-main color-hover-white align-center vc_custom_1734782439889 customBtnEdit\"><span class=\"ltx-btn-inner\">TOUTES LES HEURES D'OUVERTURE<\/span><span class=\"ltx-btn-after\"><\/span><\/a>\r\n               <\/div> \r\n           <\/div>              \r\n\r\n           <div style=\"display: flex;flex-direction: column;\"> \r\n               <div class=\"address\">\r\n                   <a target=\"_blank\" style=\"color:white;\" href=\"https:\/\/maps.app.goo.gl\/jNCHQuth4Ab7vWAz5\">Haachtsesteenweg 133 <br>1820 Steenokkerzeel<\/a>\r\n               <\/div>\r\n               <div>\r\n                   <a target=\"_blank\" href=\"https:\/\/maps.app.goo.gl\/jNCHQuth4Ab7vWAz5\" class=\"btn btn-main color-hover-white align-center vc_custom_1734782439889 customBtnEdit\"><span class=\"ltx-btn-inner\">ROUTE<\/span><span class=\"ltx-btn-after\"><\/span><\/a>\r\n               <\/div>\r\n           <\/div>\r\n       <\/div>\r\n       <div class=\"icon-hours\" style=\"display: flex; justify-content: center; gap: 25px;\"> \r\n        <a target=\"_blank\" href=\"tel:02 731 77 80\"><span class=\"ltx-icon fas fa-phone-alt bg-transparent bg-transparent\"><\/span><\/a>\r\n        <a target=\"_blank\" href=\"mailto:contact@bodywash.be\"><span class=\"ltx-icon fas fa-envelope bg-transparent bg-transparent\"><\/span><\/a>\r\n        <a target=\"_blank\" href=\"https:\/\/www.instagram.com\/bodywash.be\"><span class=\"ltx-icon fab fa-instagram bg-transparent bg-transparent\"><\/span><\/a>\r\n                               <a target=\"_blank\" href=\"https:\/\/www.facebook.com\/profile.php?id=61569204867421\"><span class=\"ltx-icon fab fa-facebook-square bg-transparent bg-transparent\"><\/span><\/a>\r\n\r\n    <\/div>\r\n<\/div>\n\t\t<\/div>\n\t<\/div>\n<\/div><\/div><\/div><\/div><\/section><section id=\"wasprogramma\" data-vc-full-width=\"true\" data-vc-full-width-temp=\"true\" data-vc-full-width-init=\"false\" data-vc-stretch-content=\"true\" class=\"vc_section vc_custom_1734976663037 vc_section-has-fill bg-color-theme_color\"><div class=\"vc_row wpb_row vc_row-fluid\"><div class=\"wpb_column vc_column_container vc_col-sm-12\"><div class=\"vc_column-inner\"><div class=\"wpb_wrapper\"><\/div><\/div><\/div><\/div><div class=\"vc_row wpb_row vc_row-fluid\"><div class=\"wpb_column vc_column_container vc_col-sm-12 vc_hidden-sm vc_hidden-xs\"><div class=\"vc_column-inner vc_custom_1774784269755\"><div class=\"wpb_wrapper\">\n\t<div  class=\"wpb_single_image wpb_content_element vc_align_center wpb_content_element wpb_animate_when_almost_visible wpb_rollIn rollIn vc_custom_1734968289425\">\n\t\t\n\t\t<figure class=\"wpb_wrapper vc_figure\">\n\t\t\t<div class=\"vc_single_image-wrapper   vc_box_border_grey\"><img decoding=\"async\" class=\"vc_single_image-img\" src=\"https:\/\/bodywash.be\/wp-content\/uploads\/2024\/12\/Wasprogrammes-e1734968296846-1500x538.png\" width=\"1500\" height=\"538\" alt=\"Wasprogrammes\" title=\"Wasprogrammes\" \/><\/div>\n\t\t<\/figure>\n\t<\/div>\n<\/div><\/div><\/div><\/div><div class=\"vc_row wpb_row vc_row-fluid\"><div class=\"wpb_column vc_column_container vc_col-sm-12 vc_hidden-lg vc_hidden-md\"><div class=\"vc_column-inner vc_custom_1734969571471\"><div class=\"wpb_wrapper\">\n\t<div  class=\"wpb_single_image wpb_content_element vc_align_center wpb_content_element wpb_animate_when_almost_visible wpb_rollIn rollIn vc_custom_1734969678118\">\n\t\t\n\t\t<figure class=\"wpb_wrapper vc_figure\">\n\t\t\t<div class=\"vc_single_image-wrapper   vc_box_border_grey\"><img decoding=\"async\" class=\"vc_single_image-img\" src=\"https:\/\/bodywash.be\/wp-content\/uploads\/2024\/12\/wasprogramma-3-320x355.png\" width=\"320\" height=\"355\" alt=\"wasprogramma 3\" title=\"wasprogramma 3\" \/><\/div>\n\t\t<\/figure>\n\t<\/div>\n\n\t<div  class=\"wpb_single_image wpb_content_element vc_align_center wpb_content_element wpb_animate_when_almost_visible wpb_rollIn rollIn vc_custom_1734969673092\">\n\t\t\n\t\t<figure class=\"wpb_wrapper vc_figure\">\n\t\t\t<div class=\"vc_single_image-wrapper   vc_box_border_grey\"><img decoding=\"async\" class=\"vc_single_image-img\" src=\"https:\/\/bodywash.be\/wp-content\/uploads\/2024\/12\/wasprogramma-2-320x355.png\" width=\"320\" height=\"355\" alt=\"wasprogramma 2\" title=\"wasprogramma 2\" \/><\/div>\n\t\t<\/figure>\n\t<\/div>\n\n\t<div  class=\"wpb_single_image wpb_content_element vc_align_center wpb_content_element wpb_animate_when_almost_visible wpb_rollIn rollIn vc_custom_1734969666209\">\n\t\t\n\t\t<figure class=\"wpb_wrapper vc_figure\">\n\t\t\t<div class=\"vc_single_image-wrapper   vc_box_border_grey\"><img decoding=\"async\" class=\"vc_single_image-img\" src=\"https:\/\/bodywash.be\/wp-content\/uploads\/2024\/12\/wasprogramma-1-320x355.png\" width=\"320\" height=\"355\" alt=\"wasprogramma 1\" title=\"wasprogramma 1\" \/><\/div>\n\t\t<\/figure>\n\t<\/div>\n<\/div><\/div><\/div><\/div><\/section><div class=\"vc_row-full-width vc_clearfix\"><\/div><section id=\"waskaart\" data-vc-full-width=\"true\" data-vc-full-width-temp=\"true\" data-vc-full-width-init=\"false\" data-vc-stretch-content=\"true\" class=\"vc_section vc_custom_1735000566346 vc_section-has-fill\"><div class=\"vc_row wpb_row vc_row-fluid\"><div class=\"wpb_column vc_column_container vc_col-sm-12\"><div class=\"vc_column-inner vc_custom_1735000581984\"><div class=\"wpb_wrapper\"><div class=\"vc_row wpb_row vc_inner vc_row-fluid\"><div class=\"wpb_column vc_column_container vc_col-sm-12\"><div class=\"vc_column-inner\"><div class=\"wpb_wrapper\">\n\t<div class=\"wpb_text_column wpb_content_element\" >\n\t\t<div class=\"wpb_wrapper\">\n\t\t\t<h3 style=\"text-align: center; color: white;\">Toujours des lavages de voitures peu co\u00fbteux ?<\/h3>\n<div class=\"et_pb_module et_pb_text et_pb_text_15 et_pb_text_align_left et_pb_bg_layout_light\">\n<div class=\"et_pb_text_inner\">\n<h5 style=\"text-align: center; color: #9bdbf1;\">Vous pouvez le faire avec notre carte Bodywash<\/h5>\n<p>&nbsp;<\/p>\n<div class=\"et_pb_module et_pb_text et_pb_text_16 et_pb_text_align_center et_pb_bg_layout_light\">\n<div class=\"et_pb_text_inner\" style=\"text-align: center; color: white; max-width: 900px; margin: 0 auto;\">Lorsque vous rechargez votre carte de lavage, vous recevez toujours un solde plus \u00e9lev\u00e9 que le montant que vous payez. De plus, vous b\u00e9n\u00e9ficiez de r\u00e9ductions suppl\u00e9mentaires sur tous nos programmes de lavage. Avec la carte de lavage, vous pouvez laver la voiture de votre choix, quel que soit le v\u00e9hicule que vous conduisez.<\/div>\n<\/div>\n<\/div>\n<\/div>\n<div class=\"et_pb_module et_pb_text et_pb_text_16 et_pb_text_align_center et_pb_bg_layout_light\"><\/div>\n\n\t\t<\/div>\n\t<\/div>\n<\/div><\/div><\/div><\/div><\/div><\/div><\/div><\/div><div class=\"vc_row wpb_row vc_row-fluid\"><div class=\"wpb_column vc_column_container vc_col-sm-12\"><div class=\"vc_column-inner\"><div class=\"wpb_wrapper\"><div class=\"btn-wrap align-center\">\r\n\t<a href=\"\/fr\/carte-de-lavage\/\"  class=\"btn  btn-main color-hover-white align-center   vc_custom_1735395552975\" id=\"like_sc_button_115083801\"><span class=\"ltx-btn-inner\">En savoir plus<span class=\"ltx-btn-after\"><\/span><\/span><\/a><\/div>\n\t<div class=\"wpb_raw_code wpb_raw_html wpb_content_element\" >\n\t\t<div class=\"wpb_wrapper\">\n\t\t\t<style>\r\n    #waskaart {\r\n        position: relative;\r\n        z-index: 5;\r\n        overflow: visible;\r\n    }\r\n   .containerCustom2 img {\r\n        position: absolute;\r\n        bottom: 0;\r\n        right: 0;\r\n        max-width: 15%;\r\n        z-index:10;\r\n   }\r\n    @media only screen and (max-width: 1200px) {\r\n        .containerCustom2 {\r\n            text-align: center;\r\n        }\r\n        .containerCustom2 img{\r\n            position: relative;\r\n            text-align: center;\r\n            bottom: 30px;\r\n            max-width: 60%;\r\n            margin-top: 80px;\r\n        }\r\n    } \r\n   \r\n<\/style>\r\n\r\n<div class=\"containerCustom2\">\r\n       <img decoding=\"async\" src=\"https:\/\/bodywash.be\/wp-content\/uploads\/2019\/06\/waspas.png\" alt=\"waskaart-bodywash\">\r\n<\/div>\n\t\t<\/div>\n\t<\/div>\n<\/div><\/div><\/div><\/div><\/section><div class=\"vc_row-full-width vc_clearfix\"><\/div>\n<\/div>","protected":false},"excerpt":{"rendered":"Kwalitatief, duurzaam en professioneel wassen, dat is Bodywash! Al onze wasprogramma\u2019s garanderen een schone auto, er zijn verschillen tussen de programma's. Afhankelijk van uw wensen kunt u kiezen voor Best, Popular of Basic. Elk programma begint met een handmatige voorwas die aansluit bij het gekozen pakket. Mocht u vragen hebben, dan staan onze medewerkers klaar om u te voorzien van advies en tips, zodat u de beste keuze kunt maken. Kom gerust langs! Wij zijn op volgende momenten open Ma t\/m Za: 9.00 - 18.00 Zon- en feestdagen: Gesloten ALLE OPENINGSTIJDEN Haachtsesteenweg 133 1820 Steenokkerzeel ROUTE Altijd voordelig autowassen? Dit [...]","protected":false},"author":1,"featured_media":0,"parent":0,"menu_order":0,"comment_status":"closed","ping_status":"closed","template":"","meta":{"footnotes":""},"class_list":["post-13249","page","type-page","status-publish","hentry"],"_links":{"self":[{"href":"https:\/\/bodywash.be\/fr\/wp-json\/wp\/v2\/pages\/13249","targetHints":{"allow":["GET"]}}],"collection":[{"href":"https:\/\/bodywash.be\/fr\/wp-json\/wp\/v2\/pages"}],"about":[{"href":"https:\/\/bodywash.be\/fr\/wp-json\/wp\/v2\/types\/page"}],"author":[{"embeddable":true,"href":"https:\/\/bodywash.be\/fr\/wp-json\/wp\/v2\/users\/1"}],"replies":[{"embeddable":true,"href":"https:\/\/bodywash.be\/fr\/wp-json\/wp\/v2\/comments?post=13249"}],"version-history":[{"count":2,"href":"https:\/\/bodywash.be\/fr\/wp-json\/wp\/v2\/pages\/13249\/revisions"}],"predecessor-version":[{"id":13692,"href":"https:\/\/bodywash.be\/fr\/wp-json\/wp\/v2\/pages\/13249\/revisions\/13692"}],"wp:attachment":[{"href":"https:\/\/bodywash.be\/fr\/wp-json\/wp\/v2\/media?parent=13249"}],"curies":[{"name":"wp","href":"https:\/\/api.w.org\/{rel}","templated":true}]}}